{"id":213,"date":"2026-02-16T20:09:54","date_gmt":"2026-02-16T19:09:54","guid":{"rendered":"https:\/\/guide-etudiant-etranger.org\/?page_id=213"},"modified":"2026-04-01T10:18:44","modified_gmt":"2026-04-01T08:18:44","slug":"accueil","status":"publish","type":"page","link":"https:\/\/guide-etudiant-etranger.org\/","title":{"rendered":"Fiches techniques"},"content":{"rendered":"\n<p><strong>18 fiches techniques compl\u00e9tant le <a href=\"https:\/\/guide-etudiant-etranger.org\/index.php\/guide\/\">guide \u00e0 destination des \u00e9tudiant\u00b7es \u00e9tranger\u00b7es, avec ou sans papier, et des personnes les accompagnant<\/a><\/strong>.<\/p>\n\n\n\n<p><\/p>\n\n\n\n<p class=\"has-text-align-right\"><em>Derni\u00e8re mise \u00e0 jour : 31 mars 2026<\/em><\/p>\n\n\n\n<p><\/p>\n\n\n\n<div class=\"wp-block-columns is-layout-flex wp-container-core-columns-is-layout-28f84493 wp-block-columns-is-layout-flex\">\n<div class=\"wp-block-column is-layout-flow wp-block-column-is-layout-flow\" style=\"flex-basis:100%\">\n<div class=\"wp-block-group is-layout-grid wp-container-core-group-is-layout-478b6e6b wp-block-group-is-layout-grid\">\n<p class=\"is-style-default has-base-color has-text-color has-background has-medium-font-size wp-container-content-69bc4bdf\" style=\"background-color:#531d91;padding-top:var(--wp--preset--spacing--20);padding-bottom:var(--wp--preset--spacing--20)\"><a href=\"https:\/\/guide-etudiant-etranger.org\/index.php\/fiche-1-les-formalites-prealables-a-linscription-des-etudiantes-et-etudiants-residant-a-letranger\/\" data-type=\"page\" data-id=\"226\">Fiche 1 \u2013 Les formalit\u00e9s pr\u00e9alables \u00e0 l\u2019inscription des \u00e9tudiant\u22c5es r\u00e9sidant \u00e0 l\u2019\u00e9tranger<\/a><\/p>\n\n\n\n<p class=\"is-style-default has-base-color has-text-color has-background has-medium-font-size wp-container-content-69bc4bdf\" style=\"background-color:#3b61a8;padding-top:var(--wp--preset--spacing--20);padding-bottom:var(--wp--preset--spacing--20)\"><a href=\"https:\/\/guide-etudiant-etranger.org\/index.php\/fiche-2-le-recours-contre-le-refus-de-visa\/\" data-type=\"page\" data-id=\"228\">Fiche 2 \u2013 Le recours contre le refus de visa<\/a><\/p>\n\n\n\n<p class=\"is-style-default has-base-color has-text-color has-background has-medium-font-size wp-container-content-69bc4bdf\" style=\"background:linear-gradient(90deg,rgb(25,98,7) 0%,rgb(127,165,127) 0%);padding-top:var(--wp--preset--spacing--20);padding-bottom:var(--wp--preset--spacing--20)\"><a href=\"https:\/\/guide-etudiant-etranger.org\/index.php\/fiche-3-le-recours-contre-un-refus-de-renouvellement-de-titre-de-sejour-etudiant\/\" data-type=\"page\" data-id=\"232\">Fiche 3 \u2013 Le recours contre un refus de renouvellement de titre de s\u00e9jour \u00ab&nbsp;\u00e9tudiant&nbsp;\u00bb<\/a><\/p>\n\n\n\n<p class=\"is-style-default has-base-color has-text-color has-background has-medium-font-size wp-container-content-69bc4bdf\" style=\"background-color:#531d91;padding-top:var(--wp--preset--spacing--20);padding-bottom:var(--wp--preset--spacing--20)\"><a href=\"https:\/\/guide-etudiant-etranger.org\/index.php\/fiche-4-travailler-pendant-les-etudes\/\" data-type=\"page\" data-id=\"235\">Fiche 4 \u2013 Travailler pendant les \u00e9tudes<\/a><\/p>\n\n\n\n<p class=\"is-style-default has-base-color has-text-color has-background has-medium-font-size wp-container-content-69bc4bdf\" style=\"background-color:#3b61a8;padding-top:var(--wp--preset--spacing--20);padding-bottom:var(--wp--preset--spacing--20)\"><a href=\"https:\/\/guide-etudiant-etranger.org\/index.php\/fiche-5-effectuer-un-stage\/\" data-type=\"page\" data-id=\"237\">Fiche 5 \u2013 Effectuer un stage<\/a><\/p>\n\n\n\n<p class=\"is-style-default has-base-color has-text-color has-background has-medium-font-size wp-container-content-69bc4bdf\" style=\"background:linear-gradient(90deg,rgb(25,98,7) 0%,rgb(127,165,127) 0%);padding-top:var(--wp--preset--spacing--20);padding-bottom:var(--wp--preset--spacing--20)\"><a href=\"https:\/\/guide-etudiant-etranger.org\/index.php\/fiche-6-faire-une-formation-en-alternance\/\" data-type=\"page\" data-id=\"240\">Fiche 6 \u2013 Faire une formation en alternance<\/a><\/p>\n\n\n\n<p class=\"is-style-default has-base-color has-text-color has-background has-medium-font-size wp-container-content-69bc4bdf\" style=\"background:linear-gradient(90deg,rgb(140,124,153) 1%,rgb(83,29,145) 1%);padding-top:var(--wp--preset--spacing--20);padding-bottom:var(--wp--preset--spacing--20)\"><a href=\"https:\/\/guide-etudiant-etranger.org\/index.php\/fiche-7-sinstaller-en-france-pour-des-motifs-familiaux\/\" data-type=\"page\" data-id=\"242\">Fiche 7 \u2013 s\u2019installer en France pour des motifs familiaux<\/a><\/p>\n\n\n\n<p class=\"is-style-default has-base-color has-text-color has-background has-medium-font-size wp-container-content-69bc4bdf\" style=\"background-color:#3b61a8;padding-top:var(--wp--preset--spacing--20);padding-bottom:var(--wp--preset--spacing--20)\"><a href=\"https:\/\/guide-etudiant-etranger.org\/index.php\/fiche-8-sinstaller-en-france-pour-travailler-en-tant-que-salarie-ou-salariee\/\" data-type=\"page\" data-id=\"245\">Fiche 8 \u2013 S\u2019installer en France pour travailler en tant que salari\u00e9 ou salari\u00e9e<\/a><\/p>\n\n\n\n<p class=\"is-style-default has-base-color has-text-color has-background has-medium-font-size wp-container-content-69bc4bdf\" style=\"background:linear-gradient(90deg,rgb(25,98,7) 0%,rgb(127,165,127) 0%);padding-top:var(--wp--preset--spacing--20);padding-bottom:var(--wp--preset--spacing--20)\"><a href=\"https:\/\/guide-etudiant-etranger.org\/index.php\/fiche-9-recours-contre-les-refus-dautorisation-de-travail\/\" data-type=\"page\" data-id=\"247\">Fiche 9 \u2013 Recours contre les refus d\u2019autorisation de travail<\/a><\/p>\n\n\n\n<p class=\"is-style-default has-base-color has-text-color has-background has-medium-font-size wp-container-content-69bc4bdf\" style=\"background:radial-gradient(rgb(140,124,153) 1%,rgb(83,29,145) 1%);padding-top:var(--wp--preset--spacing--20);padding-bottom:var(--wp--preset--spacing--20)\"><a href=\"https:\/\/guide-etudiant-etranger.org\/index.php\/fiche-10-sinstaller-en-france-pour-exercer-une-activite-non-salariee-ou-creer-une-entreprise\/\" data-type=\"page\" data-id=\"249\">Fiche 10 \u2013 s\u2019installer en France pour exercer une activit\u00e9 non salari\u00e9e ou cr\u00e9er une entreprise&nbsp;<\/a><\/p>\n\n\n\n<p class=\"is-style-default has-base-color has-text-color has-background has-medium-font-size wp-container-content-69bc4bdf\" style=\"background-color:#3b61a8;padding-top:var(--wp--preset--spacing--20);padding-bottom:var(--wp--preset--spacing--20)\"><a href=\"https:\/\/guide-etudiant-etranger.org\/index.php\/fiche-11-sinstaller-en-france-pour-poursuivre-des-recherches\/\" data-type=\"page\" data-id=\"252\">Fiche 11 \u2013 S\u2019installer en France pour poursuivre des recherches&nbsp;<\/a><\/p>\n\n\n\n<p class=\"is-style-default has-base-color has-text-color has-background has-medium-font-size wp-container-content-69bc4bdf\" style=\"background:linear-gradient(90deg,rgb(25,98,7) 0%,rgb(127,165,127) 0%);padding-top:var(--wp--preset--spacing--20);padding-bottom:var(--wp--preset--spacing--20)\"><a href=\"https:\/\/guide-etudiant-etranger.org\/index.php\/2026\/02\/16\/fiche-12-le-cas-particulier-des-jeunes-majeures-entre-es-en-france-mineur-es\/\" data-type=\"post\" data-id=\"254\">Fiche 12 \u2013 Le cas particulier des jeunes majeur\u22c5es entr\u00e9\u22c5es en France mineur\u22c5es<\/a><\/p>\n\n\n\n<p class=\"is-style-default has-base-color has-text-color has-background has-medium-font-size wp-container-content-69bc4bdf\" style=\"background:linear-gradient(90deg,rgb(140,124,153) 1%,rgb(83,29,145) 1%);padding-top:var(--wp--preset--spacing--20);padding-bottom:var(--wp--preset--spacing--20)\"><a href=\"https:\/\/guide-etudiant-etranger.org\/index.php\/fiche-13-generalites-sur-lobligation-de-quitter-le-territoire-francais-oqtf\/\" data-type=\"page\" data-id=\"256\">Fiche 13 \u2013 G\u00e9n\u00e9ralit\u00e9s sur l&rsquo;obligation de quitter le territoire fran\u00e7ais (OQTF)<\/a><\/p>\n\n\n\n<p class=\"is-style-default has-base-color has-text-color has-background has-medium-font-size wp-container-content-69bc4bdf\" style=\"background-color:#3b61a8;padding-top:var(--wp--preset--spacing--20);padding-bottom:var(--wp--preset--spacing--20)\"><a href=\"https:\/\/guide-etudiant-etranger.org\/index.php\/fiche-14-le-recours-contre-lobligation-de-quitter-le-territoire-francais-oqtf\/\" data-type=\"page\" data-id=\"258\">Fiche 14 \u2013 Le recours contre l&rsquo;obligation de quitter le territoire fran\u00e7ais (OQTF)<\/a><\/p>\n\n\n\n<p class=\"is-style-default has-base-color has-text-color has-background has-medium-font-size wp-container-content-69bc4bdf\" style=\"background-color:#7fa57f;padding-top:var(--wp--preset--spacing--20);padding-bottom:var(--wp--preset--spacing--20)\"><a href=\"https:\/\/guide-etudiant-etranger.org\/index.php\/fiche-15-le-placement-en-retention-administrative\/\" data-type=\"page\" data-id=\"261\">Fiche 15 \u2013 Le placement en r\u00e9tention administrative<\/a><\/p>\n<\/div>\n<\/div>\n<\/div>\n\n\n\n<div class=\"wp-block-columns is-layout-flex wp-container-core-columns-is-layout-28f84493 wp-block-columns-is-layout-flex\">\n<div class=\"wp-block-column is-layout-flow wp-block-column-is-layout-flow\" style=\"flex-basis:100%\">\n<div class=\"wp-block-group is-layout-grid wp-container-core-group-is-layout-478b6e6b wp-block-group-is-layout-grid\">\n<p class=\"is-style-default has-base-color has-text-color has-background has-medium-font-size wp-container-content-69bc4bdf\" style=\"background:linear-gradient(90deg,rgb(140,124,153) 1%,rgb(83,29,145) 1%);padding-top:var(--wp--preset--spacing--20);padding-bottom:var(--wp--preset--spacing--20)\"><a href=\"https:\/\/guide-etudiant-etranger.org\/index.php\/2026\/02\/16\/fiche-16-ressortissant-es-ue-eee\/\" data-type=\"post\" data-id=\"263\">Fiche 16 \u2013 Les ressortissant\u00b7es de l\u2019UE, de l\u2019EEE et de la Conf\u00e9d\u00e9ration Helv\u00e9tique<\/a><\/p>\n\n\n\n<p class=\"is-style-default has-base-color has-text-color has-background has-medium-font-size wp-container-content-69bc4bdf\" style=\"background-color:#3b61a8;padding-top:var(--wp--preset--spacing--20);padding-bottom:var(--wp--preset--spacing--20)\"><a href=\"https:\/\/guide-etudiant-etranger.org\/index.php\/2026\/02\/16\/fiche-17-les-etudiant-es-titulaires-dune-carte-de-resident-de-longue-duree-ue\/\" data-type=\"post\" data-id=\"265\">Fiche 17 \u2013 Les \u00e9tudiant\u00b7es titulaires d\u2019une carte de r\u00e9sident de longue dur\u00e9e-UE<\/a><\/p>\n\n\n\n<p class=\"is-style-default has-base-color has-text-color has-background has-medium-font-size wp-container-content-69bc4bdf\" style=\"background:radial-gradient(rgb(25,98,7) 0%,rgb(127,165,127) 0%);padding-top:var(--wp--preset--spacing--20);padding-bottom:var(--wp--preset--spacing--20)\"><a href=\"https:\/\/guide-etudiant-etranger.org\/index.php\/2026\/02\/16\/fiche-18-les-etudiant-es-algerien-nes\/\" data-type=\"post\" data-id=\"267\">Fiche 18 \u2013 Les \u00e9tudiant\u00b7es alg\u00e9rien\u00b7nes&nbsp;<\/a><\/p>\n<\/div>\n<\/div>\n<\/div>\n\n\n\n<p><\/p>\n\n\n\n<p><\/p>\n\n\n\n<p><\/p>\n","protected":false},"excerpt":{"rendered":"<p>18 fiches techniques compl\u00e9tant le guide \u00e0 destination des \u00e9tudiant\u00b7es \u00e9tranger\u00b7es, avec ou sans papier, et des personnes les accompagnant. Derni\u00e8re mise \u00e0 jour : 31 mars 2026 Fiche 1 \u2013 Les formalit\u00e9s pr\u00e9alables \u00e0 l\u2019inscription des \u00e9tudiant\u22c5es r\u00e9sidant \u00e0 l\u2019\u00e9tranger Fiche 2 \u2013 Le recours contre le refus de visa Fiche 3 \u2013 Le [&hellip;]<\/p>\n","protected":false},"author":6,"featured_media":0,"parent":0,"menu_order":0,"comment_status":"closed","ping_status":"closed","template":"","meta":{"footnotes":""},"class_list":["post-213","page","type-page","status-publish","hentry"],"_links":{"self":[{"href":"https:\/\/guide-etudiant-etranger.org\/index.php\/wp-json\/wp\/v2\/pages\/213","targetHints":{"allow":["GET"]}}],"collection":[{"href":"https:\/\/guide-etudiant-etranger.org\/index.php\/wp-json\/wp\/v2\/pages"}],"about":[{"href":"https:\/\/guide-etudiant-etranger.org\/index.php\/wp-json\/wp\/v2\/types\/page"}],"author":[{"embeddable":true,"href":"https:\/\/guide-etudiant-etranger.org\/index.php\/wp-json\/wp\/v2\/users\/6"}],"replies":[{"embeddable":true,"href":"https:\/\/guide-etudiant-etranger.org\/index.php\/wp-json\/wp\/v2\/comments?post=213"}],"version-history":[{"count":38,"href":"https:\/\/guide-etudiant-etranger.org\/index.php\/wp-json\/wp\/v2\/pages\/213\/revisions"}],"predecessor-version":[{"id":715,"href":"https:\/\/guide-etudiant-etranger.org\/index.php\/wp-json\/wp\/v2\/pages\/213\/revisions\/715"}],"wp:attachment":[{"href":"https:\/\/guide-etudiant-etranger.org\/index.php\/wp-json\/wp\/v2\/media?parent=213"}],"curies":[{"name":"wp","href":"https:\/\/api.w.org\/{rel}","templated":true}]}}